{"id":207,"date":"2022-03-15T09:36:47","date_gmt":"2022-03-15T08:36:47","guid":{"rendered":"http:\/\/louatitraiteur.com\/?post_type=product&#038;p=207"},"modified":"2022-03-15T09:37:27","modified_gmt":"2022-03-15T08:37:27","slug":"moka-et-chocolat","status":"publish","type":"product","link":"https:\/\/louatitraiteur.com\/index.php\/product\/moka-et-chocolat\/","title":{"rendered":"Moka et chocolat"},"content":{"rendered":"<p>Le moka est une p\u00e2tisserie fran\u00e7aise du XIX\u1d49 si\u00e8cle, faite de g\u00e9noise et de cr\u00e8me au beurre parfum\u00e9e au caf\u00e9, parfois au chocolat. Il tient son nom de la vari\u00e9t\u00e9 de caf\u00e9 moka<\/p>\n","protected":false},"excerpt":{"rendered":"<p>Le moka est une p\u00e2tisserie fran\u00e7aise du XIX\u1d49 si\u00e8cle, faite de g\u00e9noise et de cr\u00e8me au beurre parfum\u00e9e au caf\u00e9, parfois au chocolat. Il tient son nom de la vari\u00e9t\u00e9 de caf\u00e9 moka<\/p>\n","protected":false},"featured_media":208,"comment_status":"open","ping_status":"closed","template":"","meta":[],"product_cat":[22,23,20],"product_tag":[],"class_list":["post-207","product","type-product","status-publish","has-post-thumbnail","hentry","product_cat-patisserie-fine","product_cat-piece-individuelle","product_cat-sucre"],"_links":{"self":[{"href":"https:\/\/louatitraiteur.com\/index.php\/wp-json\/wp\/v2\/product\/207","targetHints":{"allow":["GET"]}}],"collection":[{"href":"https:\/\/louatitraiteur.com\/index.php\/wp-json\/wp\/v2\/product"}],"about":[{"href":"https:\/\/louatitraiteur.com\/index.php\/wp-json\/wp\/v2\/types\/product"}],"replies":[{"embeddable":true,"href":"https:\/\/louatitraiteur.com\/index.php\/wp-json\/wp\/v2\/comments?post=207"}],"wp:featuredmedia":[{"embeddable":true,"href":"https:\/\/louatitraiteur.com\/index.php\/wp-json\/wp\/v2\/media\/208"}],"wp:attachment":[{"href":"https:\/\/louatitraiteur.com\/index.php\/wp-json\/wp\/v2\/media?parent=207"}],"wp:term":[{"taxonomy":"product_cat","embeddable":true,"href":"https:\/\/louatitraiteur.com\/index.php\/wp-json\/wp\/v2\/product_cat?post=207"},{"taxonomy":"product_tag","embeddable":true,"href":"https:\/\/louatitraiteur.com\/index.php\/wp-json\/wp\/v2\/product_tag?post=207"}],"curies":[{"name":"wp","href":"https:\/\/api.w.org\/{rel}","templated":true}]}}