{"id":195,"date":"2022-03-15T09:10:18","date_gmt":"2022-03-15T08:10:18","guid":{"rendered":"http:\/\/louatitraiteur.com\/?post_type=product&#038;p=195"},"modified":"2022-03-15T09:14:11","modified_gmt":"2022-03-15T08:14:11","slug":"opera","status":"publish","type":"product","link":"https:\/\/louatitraiteur.com\/index.php\/product\/opera\/","title":{"rendered":"Op\u00e9ra"},"content":{"rendered":"<p>L&rsquo;op\u00e9ra est une p\u00e2tisserie fran\u00e7aise constitu\u00e9e d\u2019une succession de biscuit Joconde, de ganache au chocolat et de cr\u00e8me au beurre au caf\u00e9<\/p>\n","protected":false},"excerpt":{"rendered":"<p>L&rsquo;op\u00e9ra est une p\u00e2tisserie fran\u00e7aise constitu\u00e9e d\u2019une succession de biscuit Joconde, de ganache au chocolat et de cr\u00e8me au beurre au caf\u00e9<\/p>\n","protected":false},"featured_media":196,"comment_status":"open","ping_status":"closed","template":"","meta":[],"product_cat":[22,23,20],"product_tag":[],"class_list":["post-195","product","type-product","status-publish","has-post-thumbnail","hentry","product_cat-patisserie-fine","product_cat-piece-individuelle","product_cat-sucre"],"_links":{"self":[{"href":"https:\/\/louatitraiteur.com\/index.php\/wp-json\/wp\/v2\/product\/195","targetHints":{"allow":["GET"]}}],"collection":[{"href":"https:\/\/louatitraiteur.com\/index.php\/wp-json\/wp\/v2\/product"}],"about":[{"href":"https:\/\/louatitraiteur.com\/index.php\/wp-json\/wp\/v2\/types\/product"}],"replies":[{"embeddable":true,"href":"https:\/\/louatitraiteur.com\/index.php\/wp-json\/wp\/v2\/comments?post=195"}],"wp:featuredmedia":[{"embeddable":true,"href":"https:\/\/louatitraiteur.com\/index.php\/wp-json\/wp\/v2\/media\/196"}],"wp:attachment":[{"href":"https:\/\/louatitraiteur.com\/index.php\/wp-json\/wp\/v2\/media?parent=195"}],"wp:term":[{"taxonomy":"product_cat","embeddable":true,"href":"https:\/\/louatitraiteur.com\/index.php\/wp-json\/wp\/v2\/product_cat?post=195"},{"taxonomy":"product_tag","embeddable":true,"href":"https:\/\/louatitraiteur.com\/index.php\/wp-json\/wp\/v2\/product_tag?post=195"}],"curies":[{"name":"wp","href":"https:\/\/api.w.org\/{rel}","templated":true}]}}