{"id":652,"date":"2022-06-20T20:08:07","date_gmt":"2022-06-20T18:08:07","guid":{"rendered":"https:\/\/louatitraiteur.com\/?page_id=652"},"modified":"2022-12-16T17:24:20","modified_gmt":"2022-12-16T16:24:20","slug":"notre-service-traiteur","status":"publish","type":"page","link":"https:\/\/louatitraiteur.com\/index.php\/notre-service-traiteur\/","title":{"rendered":"Notre service traiteur"},"content":{"rendered":"\t\t<div data-elementor-type=\"wp-page\" data-elementor-id=\"652\" class=\"elementor elementor-652\">\n\t\t\t\t\t\t\t\t\t<section class=\"elementor-section elementor-top-section elementor-element elementor-element-99d0511 elementor-section-boxed elementor-section-height-default elementor-section-height-default elementor-invisible\" data-id=\"99d0511\" data-element_type=\"section\" data-settings=\"{&quot;animation&quot;:&quot;zoomIn&quot;}\">\n\t\t\t\t\t\t<div class=\"elementor-container elementor-column-gap-default\">\n\t\t\t\t\t<div class=\"elementor-column elementor-col-100 elementor-top-column elementor-element elementor-element-3faa044\" data-id=\"3faa044\" data-element_type=\"column\">\n\t\t\t<div class=\"elementor-widget-wrap elementor-element-populated\">\n\t\t\t\t\t\t\t\t<div class=\"elementor-element elementor-element-96d91b2 elementor-widget elementor-widget-heading\" data-id=\"96d91b2\" data-element_type=\"widget\" data-widget_type=\"heading.default\">\n\t\t\t\t<div class=\"elementor-widget-container\">\n\t\t\t<style>\/*! elementor - v3.6.6 - 08-06-2022 *\/\n.elementor-heading-title{padding:0;margin:0;line-height:1}.elementor-widget-heading .elementor-heading-title[class*=elementor-size-]>a{color:inherit;font-size:inherit;line-height:inherit}.elementor-widget-heading .elementor-heading-title.elementor-size-small{font-size:15px}.elementor-widget-heading .elementor-heading-title.elementor-size-medium{font-size:19px}.elementor-widget-heading .elementor-heading-title.elementor-size-large{font-size:29px}.elementor-widget-heading .elementor-heading-title.elementor-size-xl{font-size:39px}.elementor-widget-heading .elementor-heading-title.elementor-size-xxl{font-size:59px}<\/style><h2 class=\"elementor-heading-title elementor-size-default\">Notre service traiteur<\/h2>\t\t<\/div>\n\t\t\t\t<\/div>\n\t\t\t\t<div class=\"elementor-element elementor-element-13cf349 elementor-widget elementor-widget-text-editor\" data-id=\"13cf349\" data-element_type=\"widget\" data-widget_type=\"text-editor.default\">\n\t\t\t\t<div class=\"elementor-widget-container\">\n\t\t\t<style>\/*! elementor - v3.6.6 - 08-06-2022 *\/\n.elementor-widget-text-editor.elementor-drop-cap-view-stacked .elementor-drop-cap{background-color:#818a91;color:#fff}.elementor-widget-text-editor.elementor-drop-cap-view-framed .elementor-drop-cap{color:#818a91;border:3px solid;background-color:transparent}.elementor-widget-text-editor:not(.elementor-drop-cap-view-default) .elementor-drop-cap{margin-top:8px}.elementor-widget-text-editor:not(.elementor-drop-cap-view-default) .elementor-drop-cap-letter{width:1em;height:1em}.elementor-widget-text-editor .elementor-drop-cap{float:left;text-align:center;line-height:1;font-size:50px}.elementor-widget-text-editor .elementor-drop-cap-letter{display:inline-block}<\/style>\t\t\t\t<p>Avec LOUATI TRAITEUR b\u00e9n\u00e9ficiez d&rsquo;un service traiteur complet.<\/p>\n<ul><\/ul>\t\t\t\t\t\t<\/div>\n\t\t\t\t<\/div>\n\t\t\t\t\t<\/div>\n\t\t<\/div>\n\t\t\t\t\t\t\t<\/div>\n\t\t<\/section>\n\t\t\t\t<section class=\"elementor-section elementor-top-section elementor-element elementor-element-b4ac30b elementor-section-boxed elementor-section-height-default elementor-section-height-default elementor-invisible\" data-id=\"b4ac30b\" data-element_type=\"section\" data-settings=\"{&quot;animation&quot;:&quot;zoomIn&quot;}\">\n\t\t\t\t\t\t<div class=\"elementor-container elementor-column-gap-default\">\n\t\t\t\t\t<div class=\"elementor-column elementor-col-33 elementor-top-column elementor-element elementor-element-fe0d253\" data-id=\"fe0d253\" data-element_type=\"column\">\n\t\t\t<div class=\"elementor-widget-wrap\">\n\t\t\t\t\t\t\t\t\t<\/div>\n\t\t<\/div>\n\t\t\t\t<div class=\"elementor-column elementor-col-33 elementor-top-column elementor-element elementor-element-91a47db\" data-id=\"91a47db\" data-element_type=\"column\">\n\t\t\t<div class=\"elementor-widget-wrap elementor-element-populated\">\n\t\t\t\t\t\t\t\t<div class=\"elementor-element elementor-element-9cd7b30 elementor-widget elementor-widget-heading\" data-id=\"9cd7b30\" data-element_type=\"widget\" data-widget_type=\"heading.default\">\n\t\t\t\t<div class=\"elementor-widget-container\">\n\t\t\t<h2 class=\"elementor-heading-title elementor-size-default\">Service traiteur <\/h2>\t\t<\/div>\n\t\t\t\t<\/div>\n\t\t\t\t<div class=\"elementor-element elementor-element-d1bc04a elementor-aspect-ratio-169 elementor-widget elementor-widget-video\" data-id=\"d1bc04a\" data-element_type=\"widget\" data-settings=\"{&quot;youtube_url&quot;:&quot;https:\\\/\\\/youtu.be\\\/f4pyE_uC7NA&quot;,&quot;show_image_overlay&quot;:&quot;yes&quot;,&quot;image_overlay&quot;:{&quot;url&quot;:&quot;http:\\\/\\\/louatitraiteur.com\\\/wp-content\\\/uploads\\\/2022\\\/11\\\/Miniature_video_traiteur.png&quot;,&quot;id&quot;:937,&quot;alt&quot;:&quot;&quot;,&quot;source&quot;:&quot;library&quot;},&quot;video_type&quot;:&quot;youtube&quot;,&quot;controls&quot;:&quot;yes&quot;,&quot;aspect_ratio&quot;:&quot;169&quot;}\" data-widget_type=\"video.default\">\n\t\t\t\t<div class=\"elementor-widget-container\">\n\t\t\t<style>\/*! elementor - v3.6.6 - 08-06-2022 *\/\n.elementor-widget-video .elementor-widget-container{overflow:hidden;-webkit-transform:translateZ(0);transform:translateZ(0)}.elementor-widget-video .elementor-open-inline .elementor-custom-embed-image-overlay{position:absolute;top:0;left:0;width:100%;height:100%;background-size:cover;background-position:50%}.elementor-widget-video .elementor-custom-embed-image-overlay{cursor:pointer;text-align:center}.elementor-widget-video .elementor-custom-embed-image-overlay:hover .elementor-custom-embed-play i{opacity:1}.elementor-widget-video .elementor-custom-embed-image-overlay img{display:block;width:100%}.elementor-widget-video .e-hosted-video .elementor-video{-o-object-fit:cover;object-fit:cover}<\/style>\t\t<div class=\"elementor-wrapper elementor-fit-aspect-ratio elementor-open-inline\">\n\t\t\t<div class=\"elementor-video\"><\/div>\t\t\t\t<div class=\"elementor-custom-embed-image-overlay\" style=\"background-image: url(https:\/\/louatitraiteur.com\/wp-content\/uploads\/2022\/11\/Miniature_video_traiteur.png);\">\n\t\t\t\t\t\t\t\t\t\t\t\t\t\t\t\t<div class=\"elementor-custom-embed-play\" role=\"button\" aria-label=\"Lire la vid\u00e9o\" tabindex=\"0\">\n\t\t\t\t\t\t\t<i aria-hidden=\"true\" class=\"eicon-play\"><\/i>\t\t\t\t\t\t\t<span class=\"elementor-screen-only\">Lire la vid\u00e9o<\/span>\n\t\t\t\t\t\t<\/div>\n\t\t\t\t\t\t\t\t\t<\/div>\n\t\t\t\t\t<\/div>\n\t\t\t\t<\/div>\n\t\t\t\t<\/div>\n\t\t\t\t\t<\/div>\n\t\t<\/div>\n\t\t\t\t<div class=\"elementor-column elementor-col-33 elementor-top-column elementor-element elementor-element-37dab2b\" data-id=\"37dab2b\" data-element_type=\"column\">\n\t\t\t<div class=\"elementor-widget-wrap\">\n\t\t\t\t\t\t\t\t\t<\/div>\n\t\t<\/div>\n\t\t\t\t\t\t\t<\/div>\n\t\t<\/section>\n\t\t\t\t<section class=\"elementor-section elementor-top-section elementor-element elementor-element-1ba6660 elementor-section-boxed elementor-section-height-default elementor-section-height-default elementor-invisible\" data-id=\"1ba6660\" data-element_type=\"section\" data-settings=\"{&quot;animation&quot;:&quot;fadeInUp&quot;}\">\n\t\t\t\t\t\t<div class=\"elementor-container elementor-column-gap-default\">\n\t\t\t\t\t<div class=\"elementor-column elementor-col-100 elementor-top-column elementor-element elementor-element-2616fa4\" data-id=\"2616fa4\" data-element_type=\"column\">\n\t\t\t<div class=\"elementor-widget-wrap elementor-element-populated\">\n\t\t\t\t\t\t\t\t<div class=\"elementor-element elementor-element-89938e0 elementor-widget elementor-widget-spacer\" data-id=\"89938e0\" data-element_type=\"widget\" data-widget_type=\"spacer.default\">\n\t\t\t\t<div class=\"elementor-widget-container\">\n\t\t\t<style>\/*! elementor - v3.6.6 - 08-06-2022 *\/\n.e-container.e-container--row .elementor-spacer-inner{width:var(--spacer-size)}.e-container.e-container--column .elementor-spacer-inner,.elementor-column .elementor-spacer-inner{height:var(--spacer-size)}<\/style>\t\t<div class=\"elementor-spacer\">\n\t\t\t<div class=\"elementor-spacer-inner\"><\/div>\n\t\t<\/div>\n\t\t\t\t<\/div>\n\t\t\t\t<\/div>\n\t\t\t\t<div class=\"elementor-element elementor-element-be7925c elementor-widget elementor-widget-text-editor\" data-id=\"be7925c\" data-element_type=\"widget\" data-widget_type=\"text-editor.default\">\n\t\t\t\t<div class=\"elementor-widget-container\">\n\t\t\t\t\t\t\t<ul><li>Organisation d\u2019\u00e9v\u00e9nement<\/li><li>R\u00e9ception et collations<\/li><li>Mise en sc\u00e8ne des buffets<\/li><li>Repas servis \u00e0 table, etc.<\/li><li>\u00c9quipement et mat\u00e9riel pour l&rsquo;\u00e9v\u00e8nement<\/li><li>Dressage et service<\/li><li>Mise \u00e0 disposition du personnel de service<\/li><li>Livraison<\/li><\/ul>\t\t\t\t\t\t<\/div>\n\t\t\t\t<\/div>\n\t\t\t\t\t<\/div>\n\t\t<\/div>\n\t\t\t\t\t\t\t<\/div>\n\t\t<\/section>\n\t\t\t\t<section class=\"elementor-section elementor-top-section elementor-element elementor-element-7b8aebe8 elementor-section-boxed elementor-section-height-default elementor-section-height-default elementor-invisible\" data-id=\"7b8aebe8\" data-element_type=\"section\" data-settings=\"{&quot;animation&quot;:&quot;fadeInUp&quot;}\">\n\t\t\t\t\t\t<div class=\"elementor-container elementor-column-gap-default\">\n\t\t\t\t\t<div class=\"elementor-column elementor-col-100 elementor-top-column elementor-element elementor-element-1a799d3f\" data-id=\"1a799d3f\" data-element_type=\"column\">\n\t\t\t<div class=\"elementor-widget-wrap elementor-element-populated\">\n\t\t\t\t\t\t\t\t<div class=\"elementor-element elementor-element-748d0374 elementor-arrows-position-inside elementor-pagination-position-outside elementor-widget elementor-widget-image-carousel\" data-id=\"748d0374\" data-element_type=\"widget\" data-settings=\"{&quot;slides_to_show&quot;:&quot;7&quot;,&quot;image_spacing_custom&quot;:{&quot;unit&quot;:&quot;px&quot;,&quot;size&quot;:0,&quot;sizes&quot;:[]},&quot;navigation&quot;:&quot;both&quot;,&quot;autoplay&quot;:&quot;yes&quot;,&quot;pause_on_hover&quot;:&quot;yes&quot;,&quot;pause_on_interaction&quot;:&quot;yes&quot;,&quot;autoplay_speed&quot;:5000,&quot;infinite&quot;:&quot;yes&quot;,&quot;speed&quot;:500}\" data-widget_type=\"image-carousel.default\">\n\t\t\t\t<div class=\"elementor-widget-container\">\n\t\t\t<style>\/*! elementor - v3.6.6 - 08-06-2022 *\/\n.elementor-widget-image-carousel .swiper-container{position:static}.elementor-widget-image-carousel .swiper-container .swiper-slide figure{line-height:inherit}.elementor-widget-image-carousel .swiper-slide{text-align:center}.elementor-image-carousel-wrapper:not(.swiper-container-initialized) .swiper-slide{max-width:calc(100% \/ var(--e-image-carousel-slides-to-show, 3))}<\/style>\t\t<div class=\"elementor-image-carousel-wrapper swiper-container\" dir=\"ltr\">\n\t\t\t<div class=\"elementor-image-carousel swiper-wrapper\">\n\t\t\t\t\t\t\t\t<div class=\"swiper-slide\"><a data-elementor-open-lightbox=\"yes\" data-elementor-lightbox-slideshow=\"748d0374\" data-elementor-lightbox-title=\"louatitraiteur_1\" e-action-hash=\"#elementor-action%3Aaction%3Dlightbox%26settings%3DeyJpZCI6NzQ2LCJ1cmwiOiJodHRwczpcL1wvbG91YXRpdHJhaXRldXIuY29tXC93cC1jb250ZW50XC91cGxvYWRzXC8yMDIyXC8xMFwvbG91YXRpdHJhaXRldXJfMS5qcGciLCJzbGlkZXNob3ciOiI3NDhkMDM3NCJ9\" href=\"https:\/\/louatitraiteur.com\/wp-content\/uploads\/2022\/10\/louatitraiteur_1.jpg\"><figure class=\"swiper-slide-inner\"><img decoding=\"async\" class=\"swiper-slide-image\" src=\"https:\/\/louatitraiteur.com\/wp-content\/uploads\/2022\/10\/louatitraiteur_1-150x150.jpg\" alt=\"louatitraiteur_1\" \/><\/figure><\/a><\/div><div class=\"swiper-slide\"><a data-elementor-open-lightbox=\"yes\" data-elementor-lightbox-slideshow=\"748d0374\" data-elementor-lightbox-title=\"louatitraiteur_3\" e-action-hash=\"#elementor-action%3Aaction%3Dlightbox%26settings%3DeyJpZCI6NzQ4LCJ1cmwiOiJodHRwczpcL1wvbG91YXRpdHJhaXRldXIuY29tXC93cC1jb250ZW50XC91cGxvYWRzXC8yMDIyXC8xMFwvbG91YXRpdHJhaXRldXJfMy5qcGciLCJzbGlkZXNob3ciOiI3NDhkMDM3NCJ9\" href=\"https:\/\/louatitraiteur.com\/wp-content\/uploads\/2022\/10\/louatitraiteur_3.jpg\"><figure class=\"swiper-slide-inner\"><img decoding=\"async\" class=\"swiper-slide-image\" src=\"https:\/\/louatitraiteur.com\/wp-content\/uploads\/2022\/10\/louatitraiteur_3-150x150.jpg\" alt=\"louatitraiteur_3\" \/><\/figure><\/a><\/div><div class=\"swiper-slide\"><a data-elementor-open-lightbox=\"yes\" data-elementor-lightbox-slideshow=\"748d0374\" data-elementor-lightbox-title=\"louatitraiteur_4\" e-action-hash=\"#elementor-action%3Aaction%3Dlightbox%26settings%3DeyJpZCI6NzQ5LCJ1cmwiOiJodHRwczpcL1wvbG91YXRpdHJhaXRldXIuY29tXC93cC1jb250ZW50XC91cGxvYWRzXC8yMDIyXC8xMFwvbG91YXRpdHJhaXRldXJfNC5qcGciLCJzbGlkZXNob3ciOiI3NDhkMDM3NCJ9\" href=\"https:\/\/louatitraiteur.com\/wp-content\/uploads\/2022\/10\/louatitraiteur_4.jpg\"><figure class=\"swiper-slide-inner\"><img decoding=\"async\" class=\"swiper-slide-image\" src=\"https:\/\/louatitraiteur.com\/wp-content\/uploads\/2022\/10\/louatitraiteur_4-150x150.jpg\" alt=\"louatitraiteur_4\" \/><\/figure><\/a><\/div><div class=\"swiper-slide\"><a data-elementor-open-lightbox=\"yes\" data-elementor-lightbox-slideshow=\"748d0374\" data-elementor-lightbox-title=\"louatitraiteur_5\" e-action-hash=\"#elementor-action%3Aaction%3Dlightbox%26settings%3DeyJpZCI6NzUwLCJ1cmwiOiJodHRwczpcL1wvbG91YXRpdHJhaXRldXIuY29tXC93cC1jb250ZW50XC91cGxvYWRzXC8yMDIyXC8xMFwvbG91YXRpdHJhaXRldXJfNS5qcGciLCJzbGlkZXNob3ciOiI3NDhkMDM3NCJ9\" href=\"https:\/\/louatitraiteur.com\/wp-content\/uploads\/2022\/10\/louatitraiteur_5.jpg\"><figure class=\"swiper-slide-inner\"><img decoding=\"async\" class=\"swiper-slide-image\" src=\"https:\/\/louatitraiteur.com\/wp-content\/uploads\/2022\/10\/louatitraiteur_5-150x150.jpg\" alt=\"louatitraiteur_5\" \/><\/figure><\/a><\/div><div class=\"swiper-slide\"><a data-elementor-open-lightbox=\"yes\" data-elementor-lightbox-slideshow=\"748d0374\" data-elementor-lightbox-title=\"louatitraiteur_2\" e-action-hash=\"#elementor-action%3Aaction%3Dlightbox%26settings%3DeyJpZCI6NzQ3LCJ1cmwiOiJodHRwczpcL1wvbG91YXRpdHJhaXRldXIuY29tXC93cC1jb250ZW50XC91cGxvYWRzXC8yMDIyXC8xMFwvbG91YXRpdHJhaXRldXJfMi5qcGciLCJzbGlkZXNob3ciOiI3NDhkMDM3NCJ9\" href=\"https:\/\/louatitraiteur.com\/wp-content\/uploads\/2022\/10\/louatitraiteur_2.jpg\"><figure class=\"swiper-slide-inner\"><img decoding=\"async\" class=\"swiper-slide-image\" src=\"https:\/\/louatitraiteur.com\/wp-content\/uploads\/2022\/10\/louatitraiteur_2-150x150.jpg\" alt=\"louatitraiteur_2\" \/><\/figure><\/a><\/div><div class=\"swiper-slide\"><a data-elementor-open-lightbox=\"yes\" data-elementor-lightbox-slideshow=\"748d0374\" data-elementor-lightbox-title=\"louatitraiteur_6\" e-action-hash=\"#elementor-action%3Aaction%3Dlightbox%26settings%3DeyJpZCI6NzUxLCJ1cmwiOiJodHRwczpcL1wvbG91YXRpdHJhaXRldXIuY29tXC93cC1jb250ZW50XC91cGxvYWRzXC8yMDIyXC8xMFwvbG91YXRpdHJhaXRldXJfNi5qcGciLCJzbGlkZXNob3ciOiI3NDhkMDM3NCJ9\" href=\"https:\/\/louatitraiteur.com\/wp-content\/uploads\/2022\/10\/louatitraiteur_6.jpg\"><figure class=\"swiper-slide-inner\"><img decoding=\"async\" class=\"swiper-slide-image\" src=\"https:\/\/louatitraiteur.com\/wp-content\/uploads\/2022\/10\/louatitraiteur_6-150x150.jpg\" alt=\"louatitraiteur_6\" \/><\/figure><\/a><\/div><div class=\"swiper-slide\"><a data-elementor-open-lightbox=\"yes\" data-elementor-lightbox-slideshow=\"748d0374\" data-elementor-lightbox-title=\"louatitraiteur_8\" e-action-hash=\"#elementor-action%3Aaction%3Dlightbox%26settings%3DeyJpZCI6NzUzLCJ1cmwiOiJodHRwczpcL1wvbG91YXRpdHJhaXRldXIuY29tXC93cC1jb250ZW50XC91cGxvYWRzXC8yMDIyXC8xMFwvbG91YXRpdHJhaXRldXJfOC5qcGciLCJzbGlkZXNob3ciOiI3NDhkMDM3NCJ9\" href=\"https:\/\/louatitraiteur.com\/wp-content\/uploads\/2022\/10\/louatitraiteur_8.jpg\"><figure class=\"swiper-slide-inner\"><img decoding=\"async\" class=\"swiper-slide-image\" src=\"https:\/\/louatitraiteur.com\/wp-content\/uploads\/2022\/10\/louatitraiteur_8-150x150.jpg\" alt=\"louatitraiteur_8\" \/><\/figure><\/a><\/div><div class=\"swiper-slide\"><a data-elementor-open-lightbox=\"yes\" data-elementor-lightbox-slideshow=\"748d0374\" data-elementor-lightbox-title=\"louatitraiteur_7\" e-action-hash=\"#elementor-action%3Aaction%3Dlightbox%26settings%3DeyJpZCI6NzUyLCJ1cmwiOiJodHRwczpcL1wvbG91YXRpdHJhaXRldXIuY29tXC93cC1jb250ZW50XC91cGxvYWRzXC8yMDIyXC8xMFwvbG91YXRpdHJhaXRldXJfNy5qcGciLCJzbGlkZXNob3ciOiI3NDhkMDM3NCJ9\" href=\"https:\/\/louatitraiteur.com\/wp-content\/uploads\/2022\/10\/louatitraiteur_7.jpg\"><figure class=\"swiper-slide-inner\"><img decoding=\"async\" class=\"swiper-slide-image\" src=\"https:\/\/louatitraiteur.com\/wp-content\/uploads\/2022\/10\/louatitraiteur_7-150x150.jpg\" alt=\"louatitraiteur_7\" \/><\/figure><\/a><\/div>\t\t\t<\/div>\n\t\t\t\t\t\t\t\t\t\t\t\t<div class=\"swiper-pagination\"><\/div>\n\t\t\t\t\t\t\t\t\t\t\t\t\t<div class=\"elementor-swiper-button elementor-swiper-button-prev\">\n\t\t\t\t\t\t<i aria-hidden=\"true\" class=\"eicon-chevron-left\"><\/i>\t\t\t\t\t\t<span class=\"elementor-screen-only\">Pr\u00e9c\u00e9dent<\/span>\n\t\t\t\t\t<\/div>\n\t\t\t\t\t<div class=\"elementor-swiper-button elementor-swiper-button-next\">\n\t\t\t\t\t\t<i aria-hidden=\"true\" class=\"eicon-chevron-right\"><\/i>\t\t\t\t\t\t<span class=\"elementor-screen-only\">Suivant<\/span>\n\t\t\t\t\t<\/div>\n\t\t\t\t\t\t\t\t\t<\/div>\n\t\t\t\t<\/div>\n\t\t\t\t<\/div>\n\t\t\t\t\t<\/div>\n\t\t<\/div>\n\t\t\t\t\t\t\t<\/div>\n\t\t<\/section>\n\t\t\t\t<section class=\"elementor-section elementor-top-section elementor-element elementor-element-51da6f9 elementor-section-boxed elementor-section-height-default elementor-section-height-default elementor-invisible\" data-id=\"51da6f9\" data-element_type=\"section\" data-settings=\"{&quot;animation&quot;:&quot;fadeInUp&quot;}\">\n\t\t\t\t\t\t<div class=\"elementor-container elementor-column-gap-default\">\n\t\t\t\t\t<div class=\"elementor-column elementor-col-100 elementor-top-column elementor-element elementor-element-be644ae\" data-id=\"be644ae\" data-element_type=\"column\">\n\t\t\t<div class=\"elementor-widget-wrap elementor-element-populated\">\n\t\t\t\t\t\t\t\t<div class=\"elementor-element elementor-element-b9645d6 elementor-widget elementor-widget-heading\" data-id=\"b9645d6\" data-element_type=\"widget\" data-widget_type=\"heading.default\">\n\t\t\t\t<div class=\"elementor-widget-container\">\n\t\t\t<h2 class=\"elementor-heading-title elementor-size-default\">Service traiteur PREMIUM<\/h2>\t\t<\/div>\n\t\t\t\t<\/div>\n\t\t\t\t<div class=\"elementor-element elementor-element-b61b576 elementor-widget elementor-widget-text-editor\" data-id=\"b61b576\" data-element_type=\"widget\" data-widget_type=\"text-editor.default\">\n\t\t\t\t<div class=\"elementor-widget-container\">\n\t\t\t\t\t\t\t<p>Contactez-nous pour en savoir plus par t\u00e9l\u00e9phone au <strong>+213(0)5 60 03 18 80 <\/strong>ou par e-mail \u00e0 <span style=\"text-decoration: underline;\">Louaticatering.dc@gmail.com<\/span><\/p>\t\t\t\t\t\t<\/div>\n\t\t\t\t<\/div>\n\t\t\t\t\t<\/div>\n\t\t<\/div>\n\t\t\t\t\t\t\t<\/div>\n\t\t<\/section>\n\t\t\t\t<section class=\"elementor-section elementor-top-section elementor-element elementor-element-fde734a elementor-section-boxed elementor-section-height-default elementor-section-height-default elementor-invisible\" data-id=\"fde734a\" data-element_type=\"section\" id=\"coffretrepas\" data-settings=\"{&quot;animation&quot;:&quot;fadeInUp&quot;}\">\n\t\t\t\t\t\t<div class=\"elementor-container elementor-column-gap-default\">\n\t\t\t\t\t<div class=\"elementor-column elementor-col-100 elementor-top-column elementor-element elementor-element-7340843\" data-id=\"7340843\" data-element_type=\"column\">\n\t\t\t<div class=\"elementor-widget-wrap elementor-element-populated\">\n\t\t\t\t\t\t\t\t<div class=\"elementor-element elementor-element-4e6c5dd elementor-widget elementor-widget-heading\" data-id=\"4e6c5dd\" data-element_type=\"widget\" data-widget_type=\"heading.default\">\n\t\t\t\t<div class=\"elementor-widget-container\">\n\t\t\t<h2 class=\"elementor-heading-title elementor-size-default\">Service Traiteur Classique<\/h2>\t\t<\/div>\n\t\t\t\t<\/div>\n\t\t\t\t<div class=\"elementor-element elementor-element-2b45483 elementor-widget elementor-widget-text-editor\" data-id=\"2b45483\" data-element_type=\"widget\" data-widget_type=\"text-editor.default\">\n\t\t\t\t<div class=\"elementor-widget-container\">\n\t\t\t\t\t\t\t<p>Contactez-nous pour en savoir plus par t\u00e9l\u00e9phone au <strong>+213(0)5 60 03 18 80 <\/strong>ou par e-mail \u00e0 <span style=\"text-decoration: underline;\">Louaticatering.dc@gmail.com<\/span><\/p>\t\t\t\t\t\t<\/div>\n\t\t\t\t<\/div>\n\t\t\t\t\t<\/div>\n\t\t<\/div>\n\t\t\t\t\t\t\t<\/div>\n\t\t<\/section>\n\t\t\t\t<section class=\"elementor-section elementor-top-section elementor-element elementor-element-4bbe36a elementor-section-boxed elementor-section-height-default elementor-section-height-default elementor-invisible\" data-id=\"4bbe36a\" data-element_type=\"section\" data-settings=\"{&quot;animation&quot;:&quot;fadeInUp&quot;}\">\n\t\t\t\t\t\t<div class=\"elementor-container elementor-column-gap-default\">\n\t\t\t\t\t<div class=\"elementor-column elementor-col-100 elementor-top-column elementor-element elementor-element-7bd84cb\" data-id=\"7bd84cb\" data-element_type=\"column\">\n\t\t\t<div class=\"elementor-widget-wrap elementor-element-populated\">\n\t\t\t\t\t\t\t\t<div class=\"elementor-element elementor-element-d8dd387 elementor-widget elementor-widget-heading\" data-id=\"d8dd387\" data-element_type=\"widget\" data-widget_type=\"heading.default\">\n\t\t\t\t<div class=\"elementor-widget-container\">\n\t\t\t<h2 class=\"elementor-heading-title elementor-size-default\">Coffret repas<\/h2>\t\t<\/div>\n\t\t\t\t<\/div>\n\t\t\t\t<div class=\"elementor-element elementor-element-1234ba6 elementor-widget elementor-widget-spacer\" data-id=\"1234ba6\" data-element_type=\"widget\" data-widget_type=\"spacer.default\">\n\t\t\t\t<div class=\"elementor-widget-container\">\n\t\t\t\t\t<div class=\"elementor-spacer\">\n\t\t\t<div class=\"elementor-spacer-inner\"><\/div>\n\t\t<\/div>\n\t\t\t\t<\/div>\n\t\t\t\t<\/div>\n\t\t\t\t<div class=\"elementor-element elementor-element-6311fc2 elementor-widget elementor-widget-image\" data-id=\"6311fc2\" data-element_type=\"widget\" data-widget_type=\"image.default\">\n\t\t\t\t<div class=\"elementor-widget-container\">\n\t\t\t<style>\/*! elementor - v3.6.6 - 08-06-2022 *\/\n.elementor-widget-image{text-align:center}.elementor-widget-image a{display:inline-block}.elementor-widget-image a img[src$=\".svg\"]{width:48px}.elementor-widget-image img{vertical-align:middle;display:inline-block}<\/style>\t\t\t\t\t\t\t\t\t\t\t\t<img decoding=\"async\" src=\"https:\/\/louatitraiteur.com\/wp-content\/uploads\/2022\/06\/coffret-repas.jpg\" title=\"coffret repas\" alt=\"coffret repas\" \/>\t\t\t\t\t\t\t\t\t\t\t\t\t\t\t<\/div>\n\t\t\t\t<\/div>\n\t\t\t\t<div class=\"elementor-element elementor-element-dd80b29 elementor-widget elementor-widget-text-editor\" data-id=\"dd80b29\" data-element_type=\"widget\" data-widget_type=\"text-editor.default\">\n\t\t\t\t<div class=\"elementor-widget-container\">\n\t\t\t\t\t\t\t<ul><li>Coffret-repas employ\u00e9<\/li><li>Coffret-repas cadre<\/li><li>Coffret-repas am\u00e9lior\u00e9<\/li><li>Coffret-repas VIP<\/li><\/ul>\t\t\t\t\t\t<\/div>\n\t\t\t\t<\/div>\n\t\t\t\t\t<\/div>\n\t\t<\/div>\n\t\t\t\t\t\t\t<\/div>\n\t\t<\/section>\n\t\t\t\t\t\t\t<\/div>\n\t\t","protected":false},"excerpt":{"rendered":"<p>Notre service traiteur Avec LOUATI TRAITEUR b\u00e9n\u00e9ficiez d&rsquo;un service traiteur complet. Service traiteur Organisation d\u2019\u00e9v\u00e9nement R\u00e9ception et collations Mise en sc\u00e8ne des buffets Repas servis \u00e0 table, etc. \u00c9quipement et mat\u00e9riel pour l&rsquo;\u00e9v\u00e8nement Dressage et service Mise \u00e0 disposition du personnel de service Livraison Pr\u00e9c\u00e9dent Suivant Service traiteur PREMIUM Contactez-nous pour en savoir plus par [&hellip;]<\/p>\n","protected":false},"author":3,"featured_media":0,"parent":0,"menu_order":0,"comment_status":"closed","ping_status":"closed","template":"","meta":{"footnotes":""},"class_list":["post-652","page","type-page","status-publish","hentry"],"_links":{"self":[{"href":"https:\/\/louatitraiteur.com\/index.php\/wp-json\/wp\/v2\/pages\/652","targetHints":{"allow":["GET"]}}],"collection":[{"href":"https:\/\/louatitraiteur.com\/index.php\/wp-json\/wp\/v2\/pages"}],"about":[{"href":"https:\/\/louatitraiteur.com\/index.php\/wp-json\/wp\/v2\/types\/page"}],"author":[{"embeddable":true,"href":"https:\/\/louatitraiteur.com\/index.php\/wp-json\/wp\/v2\/users\/3"}],"replies":[{"embeddable":true,"href":"https:\/\/louatitraiteur.com\/index.php\/wp-json\/wp\/v2\/comments?post=652"}],"version-history":[{"count":45,"href":"https:\/\/louatitraiteur.com\/index.php\/wp-json\/wp\/v2\/pages\/652\/revisions"}],"predecessor-version":[{"id":1188,"href":"https:\/\/louatitraiteur.com\/index.php\/wp-json\/wp\/v2\/pages\/652\/revisions\/1188"}],"wp:attachment":[{"href":"https:\/\/louatitraiteur.com\/index.php\/wp-json\/wp\/v2\/media?parent=652"}],"curies":[{"name":"wp","href":"https:\/\/api.w.org\/{rel}","templated":true}]}}