{"id":338,"date":"2022-06-11T15:08:28","date_gmt":"2022-06-11T13:08:28","guid":{"rendered":"https:\/\/louatitraiteur.com\/?page_id=338"},"modified":"2022-12-16T17:17:29","modified_gmt":"2022-12-16T16:17:29","slug":"nos-valeurs","status":"publish","type":"page","link":"https:\/\/louatitraiteur.com\/index.php\/nos-valeurs\/","title":{"rendered":"Nos valeurs"},"content":{"rendered":"\t\t<div data-elementor-type=\"wp-page\" data-elementor-id=\"338\" class=\"elementor elementor-338\">\n\t\t\t\t\t\t\t\t\t<section class=\"elementor-section elementor-top-section elementor-element elementor-element-a756b66 elementor-section-full_width elementor-section-height-default elementor-section-height-default\" data-id=\"a756b66\" data-element_type=\"section\" data-settings=\"{&quot;background_background&quot;:&quot;classic&quot;}\">\n\t\t\t\t\t\t\t<div class=\"elementor-background-overlay\"><\/div>\n\t\t\t\t\t\t\t<div class=\"elementor-container elementor-column-gap-default\">\n\t\t\t\t\t<div class=\"elementor-column elementor-col-100 elementor-top-column elementor-element elementor-element-7ec7d33\" data-id=\"7ec7d33\" data-element_type=\"column\">\n\t\t\t<div class=\"elementor-widget-wrap elementor-element-populated\">\n\t\t\t\t\t\t\t\t<div class=\"elementor-element elementor-element-49e2370 elementor-widget elementor-widget-spacer\" data-id=\"49e2370\" data-element_type=\"widget\" data-widget_type=\"spacer.default\">\n\t\t\t\t<div class=\"elementor-widget-container\">\n\t\t\t<style>\/*! elementor - v3.6.6 - 08-06-2022 *\/\n.e-container.e-container--row .elementor-spacer-inner{width:var(--spacer-size)}.e-container.e-container--column .elementor-spacer-inner,.elementor-column .elementor-spacer-inner{height:var(--spacer-size)}<\/style>\t\t<div class=\"elementor-spacer\">\n\t\t\t<div class=\"elementor-spacer-inner\"><\/div>\n\t\t<\/div>\n\t\t\t\t<\/div>\n\t\t\t\t<\/div>\n\t\t\t\t\t<\/div>\n\t\t<\/div>\n\t\t\t\t\t\t\t<\/div>\n\t\t<\/section>\n\t\t\t\t<section class=\"elementor-section elementor-top-section elementor-element elementor-element-e2a9c04 elementor-section-boxed elementor-section-height-default elementor-section-height-default\" data-id=\"e2a9c04\" data-element_type=\"section\">\n\t\t\t\t\t\t<div class=\"elementor-container elementor-column-gap-default\">\n\t\t\t\t\t<div class=\"elementor-column elementor-col-50 elementor-top-column elementor-element elementor-element-3306678 elementor-invisible\" data-id=\"3306678\" data-element_type=\"column\" data-settings=\"{&quot;animation&quot;:&quot;fadeInLeft&quot;}\">\n\t\t\t<div class=\"elementor-widget-wrap elementor-element-populated\">\n\t\t\t\t\t\t\t\t<div class=\"elementor-element elementor-element-3c00209 elementor-widget elementor-widget-heading\" data-id=\"3c00209\" data-element_type=\"widget\" data-widget_type=\"heading.default\">\n\t\t\t\t<div class=\"elementor-widget-container\">\n\t\t\t<style>\/*! elementor - v3.6.6 - 08-06-2022 *\/\n.elementor-heading-title{padding:0;margin:0;line-height:1}.elementor-widget-heading .elementor-heading-title[class*=elementor-size-]>a{color:inherit;font-size:inherit;line-height:inherit}.elementor-widget-heading .elementor-heading-title.elementor-size-small{font-size:15px}.elementor-widget-heading .elementor-heading-title.elementor-size-medium{font-size:19px}.elementor-widget-heading .elementor-heading-title.elementor-size-large{font-size:29px}.elementor-widget-heading .elementor-heading-title.elementor-size-xl{font-size:39px}.elementor-widget-heading .elementor-heading-title.elementor-size-xxl{font-size:59px}<\/style><h2 class=\"elementor-heading-title elementor-size-default\">Nos valeurs<\/h2>\t\t<\/div>\n\t\t\t\t<\/div>\n\t\t\t\t<div class=\"elementor-element elementor-element-2fc822a elementor-widget elementor-widget-text-editor\" data-id=\"2fc822a\" data-element_type=\"widget\" data-widget_type=\"text-editor.default\">\n\t\t\t\t<div class=\"elementor-widget-container\">\n\t\t\t<style>\/*! elementor - v3.6.6 - 08-06-2022 *\/\n.elementor-widget-text-editor.elementor-drop-cap-view-stacked .elementor-drop-cap{background-color:#818a91;color:#fff}.elementor-widget-text-editor.elementor-drop-cap-view-framed .elementor-drop-cap{color:#818a91;border:3px solid;background-color:transparent}.elementor-widget-text-editor:not(.elementor-drop-cap-view-default) .elementor-drop-cap{margin-top:8px}.elementor-widget-text-editor:not(.elementor-drop-cap-view-default) .elementor-drop-cap-letter{width:1em;height:1em}.elementor-widget-text-editor .elementor-drop-cap{float:left;text-align:center;line-height:1;font-size:50px}.elementor-widget-text-editor .elementor-drop-cap-letter{display:inline-block}<\/style>\t\t\t\t<ul><li><strong>Exp\u00e9rience et expertise<\/strong><\/li><\/ul><p>Une \u00e9quipe d\u2019experts proche de vous capable de s\u2019adapter \u00e0 toutes vos demandes \u2026 m\u00eame en derni\u00e8re minute ! L\u2019exp\u00e9rience \u00e0 travers des ann\u00e9es de service nous permet d\u2019\u00eatre \u00e0 la hauteur de vos ambitions et attentes et surtout devancer vos craintes.<\/p><ul><li><strong>Authenticit\u00e9<\/strong><\/li><\/ul><p>Attach\u00e9 aux racines, authentique dans nos relations et dans notre savoir-faire. Authentique dans la s\u00e9lection de nos produits et dans notre culture du FAIT MAISON.<\/p><ul><li><strong>Engag\u00e9s\u00a0<\/strong><\/li><\/ul><p>Si la gastronomie est notre c\u0153ur de m\u00e9tier, c\u2019est l\u2019humain qui, \u00e0 travers la cuisine, est au centre de nos pr\u00e9occupations. Nous sommes tr\u00e8s attach\u00e9s au bien-\u00eatre de nos clients, comme \u00e0 celui de nos salari\u00e9s ou de nos partenaires. Chaque jour, nous constatons \u00e0 quel point la cuisine est un vecteur de partage, de d\u00e9couvertes et d\u2019\u00e9motions, \u00e0 quel point elle relie l\u2019homme \u00e0 la nature, aux autres, \u00e0 lui-m\u00eame.<br \/><strong>L\u2019engagement fait partie de l\u2019ADN de Louati traiteur : il est pr\u00e9sent \u00e0 tous les niveaux de notre activit\u00e9.<\/strong><\/p><ul><li><strong>Inventivit\u00e9<\/strong><\/li><\/ul><p>\u00c0 la recherche constante de nouvelles id\u00e9es et saveurs afin de vous ravir et enchant\u00e9 vos convives.<\/p><p>\u00a0<\/p>\t\t\t\t\t\t<\/div>\n\t\t\t\t<\/div>\n\t\t\t\t\t<\/div>\n\t\t<\/div>\n\t\t\t\t<div class=\"elementor-column elementor-col-50 elementor-top-column elementor-element elementor-element-7213ddb elementor-invisible\" data-id=\"7213ddb\" data-element_type=\"column\" data-settings=\"{&quot;background_background&quot;:&quot;classic&quot;,&quot;animation&quot;:&quot;fadeInRight&quot;}\">\n\t\t\t<div class=\"elementor-widget-wrap elementor-element-populated\">\n\t\t\t\t\t\t\t\t<div class=\"elementor-element elementor-element-9aea6f6 elementor-widget elementor-widget-image\" data-id=\"9aea6f6\" data-element_type=\"widget\" data-widget_type=\"image.default\">\n\t\t\t\t<div class=\"elementor-widget-container\">\n\t\t\t<style>\/*! elementor - v3.6.6 - 08-06-2022 *\/\n.elementor-widget-image{text-align:center}.elementor-widget-image a{display:inline-block}.elementor-widget-image a img[src$=\".svg\"]{width:48px}.elementor-widget-image img{vertical-align:middle;display:inline-block}<\/style>\t\t\t\t\t\t\t\t\t\t\t\t<img loading=\"lazy\" decoding=\"async\" width=\"781\" height=\"1024\" src=\"https:\/\/louatitraiteur.com\/wp-content\/uploads\/2022\/06\/image00067-781x1024.jpeg\" class=\"attachment-large size-large\" alt=\"\" srcset=\"https:\/\/louatitraiteur.com\/wp-content\/uploads\/2022\/06\/image00067-781x1024.jpeg 781w, https:\/\/louatitraiteur.com\/wp-content\/uploads\/2022\/06\/image00067-229x300.jpeg 229w, https:\/\/louatitraiteur.com\/wp-content\/uploads\/2022\/06\/image00067-768x1007.jpeg 768w, https:\/\/louatitraiteur.com\/wp-content\/uploads\/2022\/06\/image00067-600x786.jpeg 600w, https:\/\/louatitraiteur.com\/wp-content\/uploads\/2022\/06\/image00067.jpeg 824w\" sizes=\"auto, (max-width: 781px) 100vw, 781px\" \/>\t\t\t\t\t\t\t\t\t\t\t\t\t\t\t<\/div>\n\t\t\t\t<\/div>\n\t\t\t\t\t<\/div>\n\t\t<\/div>\n\t\t\t\t\t\t\t<\/div>\n\t\t<\/section>\n\t\t\t\t\t\t\t<\/div>\n\t\t","protected":false},"excerpt":{"rendered":"<p>Nos valeurs Exp\u00e9rience et expertise Une \u00e9quipe d\u2019experts proche de vous capable de s\u2019adapter \u00e0 toutes vos demandes \u2026 m\u00eame en derni\u00e8re minute ! L\u2019exp\u00e9rience \u00e0 travers des ann\u00e9es de service nous permet d\u2019\u00eatre \u00e0 la hauteur de vos ambitions et attentes et surtout devancer vos craintes. Authenticit\u00e9 Attach\u00e9 aux racines, authentique dans nos relations [&hellip;]<\/p>\n","protected":false},"author":3,"featured_media":0,"parent":0,"menu_order":0,"comment_status":"closed","ping_status":"closed","template":"","meta":{"footnotes":""},"class_list":["post-338","page","type-page","status-publish","hentry"],"_links":{"self":[{"href":"https:\/\/louatitraiteur.com\/index.php\/wp-json\/wp\/v2\/pages\/338","targetHints":{"allow":["GET"]}}],"collection":[{"href":"https:\/\/louatitraiteur.com\/index.php\/wp-json\/wp\/v2\/pages"}],"about":[{"href":"https:\/\/louatitraiteur.com\/index.php\/wp-json\/wp\/v2\/types\/page"}],"author":[{"embeddable":true,"href":"https:\/\/louatitraiteur.com\/index.php\/wp-json\/wp\/v2\/users\/3"}],"replies":[{"embeddable":true,"href":"https:\/\/louatitraiteur.com\/index.php\/wp-json\/wp\/v2\/comments?post=338"}],"version-history":[{"count":30,"href":"https:\/\/louatitraiteur.com\/index.php\/wp-json\/wp\/v2\/pages\/338\/revisions"}],"predecessor-version":[{"id":1179,"href":"https:\/\/louatitraiteur.com\/index.php\/wp-json\/wp\/v2\/pages\/338\/revisions\/1179"}],"wp:attachment":[{"href":"https:\/\/louatitraiteur.com\/index.php\/wp-json\/wp\/v2\/media?parent=338"}],"curies":[{"name":"wp","href":"https:\/\/api.w.org\/{rel}","templated":true}]}}