{"id":324,"date":"2022-06-11T14:58:12","date_gmt":"2022-06-11T12:58:12","guid":{"rendered":"https:\/\/louatitraiteur.com\/?page_id=324"},"modified":"2022-12-16T17:18:36","modified_gmt":"2022-12-16T16:18:36","slug":"notre-histoire","status":"publish","type":"page","link":"https:\/\/louatitraiteur.com\/index.php\/notre-histoire\/","title":{"rendered":"Notre histoire"},"content":{"rendered":"\t\t<div data-elementor-type=\"wp-page\" data-elementor-id=\"324\" class=\"elementor elementor-324\">\n\t\t\t\t\t\t\t\t\t<section class=\"elementor-section elementor-top-section elementor-element elementor-element-e2a9c04 elementor-section-boxed elementor-section-height-default elementor-section-height-default\" data-id=\"e2a9c04\" data-element_type=\"section\">\n\t\t\t\t\t\t<div class=\"elementor-container elementor-column-gap-default\">\n\t\t\t\t\t<div class=\"elementor-column elementor-col-50 elementor-top-column elementor-element elementor-element-3306678 elementor-invisible\" data-id=\"3306678\" data-element_type=\"column\" data-settings=\"{&quot;animation&quot;:&quot;fadeInLeft&quot;}\">\n\t\t\t<div class=\"elementor-widget-wrap elementor-element-populated\">\n\t\t\t\t\t\t\t\t<div class=\"elementor-element elementor-element-df1259c elementor-widget elementor-widget-heading\" data-id=\"df1259c\" data-element_type=\"widget\" data-widget_type=\"heading.default\">\n\t\t\t\t<div class=\"elementor-widget-container\">\n\t\t\t<style>\/*! elementor - v3.6.6 - 08-06-2022 *\/\n.elementor-heading-title{padding:0;margin:0;line-height:1}.elementor-widget-heading .elementor-heading-title[class*=elementor-size-]>a{color:inherit;font-size:inherit;line-height:inherit}.elementor-widget-heading .elementor-heading-title.elementor-size-small{font-size:15px}.elementor-widget-heading .elementor-heading-title.elementor-size-medium{font-size:19px}.elementor-widget-heading .elementor-heading-title.elementor-size-large{font-size:29px}.elementor-widget-heading .elementor-heading-title.elementor-size-xl{font-size:39px}.elementor-widget-heading .elementor-heading-title.elementor-size-xxl{font-size:59px}<\/style><h2 class=\"elementor-heading-title elementor-size-default\">Notre histoire<\/h2>\t\t<\/div>\n\t\t\t\t<\/div>\n\t\t\t\t<div class=\"elementor-element elementor-element-2fc822a elementor-widget elementor-widget-text-editor\" data-id=\"2fc822a\" data-element_type=\"widget\" data-widget_type=\"text-editor.default\">\n\t\t\t\t<div class=\"elementor-widget-container\">\n\t\t\t<style>\/*! elementor - v3.6.6 - 08-06-2022 *\/\n.elementor-widget-text-editor.elementor-drop-cap-view-stacked .elementor-drop-cap{background-color:#818a91;color:#fff}.elementor-widget-text-editor.elementor-drop-cap-view-framed .elementor-drop-cap{color:#818a91;border:3px solid;background-color:transparent}.elementor-widget-text-editor:not(.elementor-drop-cap-view-default) .elementor-drop-cap{margin-top:8px}.elementor-widget-text-editor:not(.elementor-drop-cap-view-default) .elementor-drop-cap-letter{width:1em;height:1em}.elementor-widget-text-editor .elementor-drop-cap{float:left;text-align:center;line-height:1;font-size:50px}.elementor-widget-text-editor .elementor-drop-cap-letter{display:inline-block}<\/style>\t\t\t\t<p>N\u00e9e en 1990 d\u2019une grande passion pour la cuisine et la p\u00e2tisserie. &nbsp;Mr et Mme Louati ont introduit le service traiteur en Alg\u00e9rie.<\/p>\n<p>Ouverture d\u2019une premi\u00e8re boutique et la vente de g\u00e2teaux traditionnels embl\u00e9matiques au gout et formes authentiques.<\/p>\n<p>Louati traiteur, pionnier dans son domaine, aujourd\u2019hui toujours \u00e0 l\u2019\u00e9coute avec des propositions culinaires uniques, sc\u00e9nographie originale, personnalise l\u2019ensemble de ces services pour vous satisfaire.<\/p>\n<p>Notre but&nbsp;:&nbsp;vous offrir un moment d\u2019exception quelques soit votre \u00e9v\u00e9nement.<\/p>\n<p>Notre slogan&nbsp;: La finesse du gout, la qualit\u00e9 du service.<\/p>\t\t\t\t\t\t<\/div>\n\t\t\t\t<\/div>\n\t\t\t\t\t<\/div>\n\t\t<\/div>\n\t\t\t\t<div class=\"elementor-column elementor-col-50 elementor-top-column elementor-element elementor-element-7213ddb elementor-invisible\" data-id=\"7213ddb\" data-element_type=\"column\" data-settings=\"{&quot;background_background&quot;:&quot;classic&quot;,&quot;animation&quot;:&quot;zoomIn&quot;}\">\n\t\t\t<div class=\"elementor-widget-wrap elementor-element-populated\">\n\t\t\t\t\t\t\t\t<div class=\"elementor-element elementor-element-9aea6f6 elementor-widget elementor-widget-image\" data-id=\"9aea6f6\" data-element_type=\"widget\" data-widget_type=\"image.default\">\n\t\t\t\t<div class=\"elementor-widget-container\">\n\t\t\t<style>\/*! elementor - v3.6.6 - 08-06-2022 *\/\n.elementor-widget-image{text-align:center}.elementor-widget-image a{display:inline-block}.elementor-widget-image a img[src$=\".svg\"]{width:48px}.elementor-widget-image img{vertical-align:middle;display:inline-block}<\/style>\t\t\t\t\t\t\t\t\t\t\t\t<img loading=\"lazy\" decoding=\"async\" width=\"360\" height=\"360\" src=\"https:\/\/louatitraiteur.com\/wp-content\/uploads\/2022\/03\/Logo.png\" class=\"attachment-large size-large\" alt=\"\" srcset=\"https:\/\/louatitraiteur.com\/wp-content\/uploads\/2022\/03\/Logo.png 360w, https:\/\/louatitraiteur.com\/wp-content\/uploads\/2022\/03\/Logo-300x300.png 300w, https:\/\/louatitraiteur.com\/wp-content\/uploads\/2022\/03\/Logo-100x100.png 100w, https:\/\/louatitraiteur.com\/wp-content\/uploads\/2022\/03\/Logo-150x150.png 150w\" sizes=\"auto, (max-width: 360px) 100vw, 360px\" \/>\t\t\t\t\t\t\t\t\t\t\t\t\t\t\t<\/div>\n\t\t\t\t<\/div>\n\t\t\t\t\t<\/div>\n\t\t<\/div>\n\t\t\t\t\t\t\t<\/div>\n\t\t<\/section>\n\t\t\t\t<section class=\"elementor-section elementor-top-section elementor-element elementor-element-79458e5 elementor-section-boxed elementor-section-height-default elementor-section-height-default elementor-invisible\" data-id=\"79458e5\" data-element_type=\"section\" data-settings=\"{&quot;animation&quot;:&quot;fadeInUp&quot;}\">\n\t\t\t\t\t\t<div class=\"elementor-container elementor-column-gap-default\">\n\t\t\t\t\t<div class=\"elementor-column elementor-col-100 elementor-top-column elementor-element elementor-element-f4da7cd\" data-id=\"f4da7cd\" data-element_type=\"column\">\n\t\t\t<div class=\"elementor-widget-wrap elementor-element-populated\">\n\t\t\t\t\t\t\t\t<div class=\"elementor-element elementor-element-693a462 elementor-widget elementor-widget-image\" data-id=\"693a462\" data-element_type=\"widget\" data-widget_type=\"image.default\">\n\t\t\t\t<div class=\"elementor-widget-container\">\n\t\t\t\t\t\t\t\t\t\t\t\t\t\t\t<img loading=\"lazy\" decoding=\"async\" width=\"300\" height=\"243\" src=\"https:\/\/louatitraiteur.com\/wp-content\/uploads\/2022\/06\/signautre_site_web-300x243.webp\" class=\"attachment-medium size-medium\" alt=\"\" srcset=\"https:\/\/louatitraiteur.com\/wp-content\/uploads\/2022\/06\/signautre_site_web-300x243.webp 300w, https:\/\/louatitraiteur.com\/wp-content\/uploads\/2022\/06\/signautre_site_web-768x621.webp 768w, https:\/\/louatitraiteur.com\/wp-content\/uploads\/2022\/06\/signautre_site_web-600x485.webp 600w, https:\/\/louatitraiteur.com\/wp-content\/uploads\/2022\/06\/signautre_site_web.webp 889w\" sizes=\"auto, (max-width: 300px) 100vw, 300px\" \/>\t\t\t\t\t\t\t\t\t\t\t\t\t\t\t<\/div>\n\t\t\t\t<\/div>\n\t\t\t\t\t<\/div>\n\t\t<\/div>\n\t\t\t\t\t\t\t<\/div>\n\t\t<\/section>\n\t\t\t\t\t\t\t<\/div>\n\t\t","protected":false},"excerpt":{"rendered":"<p>Notre histoire N\u00e9e en 1990 d\u2019une grande passion pour la cuisine et la p\u00e2tisserie. &nbsp;Mr et Mme Louati ont introduit le service traiteur en Alg\u00e9rie. Ouverture d\u2019une premi\u00e8re boutique et la vente de g\u00e2teaux traditionnels embl\u00e9matiques au gout et formes authentiques. Louati traiteur, pionnier dans son domaine, aujourd\u2019hui toujours \u00e0 l\u2019\u00e9coute avec des propositions culinaires [&hellip;]<\/p>\n","protected":false},"author":3,"featured_media":0,"parent":0,"menu_order":0,"comment_status":"closed","ping_status":"closed","template":"","meta":{"footnotes":""},"class_list":["post-324","page","type-page","status-publish","hentry"],"_links":{"self":[{"href":"https:\/\/louatitraiteur.com\/index.php\/wp-json\/wp\/v2\/pages\/324","targetHints":{"allow":["GET"]}}],"collection":[{"href":"https:\/\/louatitraiteur.com\/index.php\/wp-json\/wp\/v2\/pages"}],"about":[{"href":"https:\/\/louatitraiteur.com\/index.php\/wp-json\/wp\/v2\/types\/page"}],"author":[{"embeddable":true,"href":"https:\/\/louatitraiteur.com\/index.php\/wp-json\/wp\/v2\/users\/3"}],"replies":[{"embeddable":true,"href":"https:\/\/louatitraiteur.com\/index.php\/wp-json\/wp\/v2\/comments?post=324"}],"version-history":[{"count":30,"href":"https:\/\/louatitraiteur.com\/index.php\/wp-json\/wp\/v2\/pages\/324\/revisions"}],"predecessor-version":[{"id":1185,"href":"https:\/\/louatitraiteur.com\/index.php\/wp-json\/wp\/v2\/pages\/324\/revisions\/1185"}],"wp:attachment":[{"href":"https:\/\/louatitraiteur.com\/index.php\/wp-json\/wp\/v2\/media?parent=324"}],"curies":[{"name":"wp","href":"https:\/\/api.w.org\/{rel}","templated":true}]}}